{"id":8531,"date":"2022-09-05T08:35:44","date_gmt":"2022-09-05T06:35:44","guid":{"rendered":"https:\/\/ivansiller.com\/media\/video-podcasty\/"},"modified":"2024-05-10T11:33:49","modified_gmt":"2024-05-10T09:33:49","slug":"video-podcasts","status":"publish","type":"page","link":"https:\/\/ivansiller.com\/en\/media\/video\/video-podcasts\/","title":{"rendered":"Podcasts"},"content":{"rendered":"<!--themify_builder_content-->\n<div id=\"themify_builder_content-8531\" data-postid=\"8531\" class=\"themify_builder_content themify_builder_content-8531 themify_builder tf_clear\">\n                    <div  data-desktop-padding=\"40px,40px\" data-css_id=\"uvvp760\" data-lazy=\"1\" class=\"module_row themify_builder_row fullwidth_row_container tb_uvvp760 tb_first tf_w\">\n                        <div class=\"row_inner col_align_top tb_col_count_2 tf_box tf_rel\">\n                        <div  data-lazy=\"1\" class=\"module_column tb-column tb_bzz4761 first\">\n                    <!-- module video -->\n<div  class=\"module module-video tb_2wlh154 video-top  \" data-lazy=\"1\">\n                    <div class=\"video-wrap-outer\">\n            <div class=\"video-wrap tf_rel tf_overflow\">\n                                    <noscript><iframe data-no-script src=\"https:\/\/www.youtube.com\/embed\/R_PoKSMe21Q?pip=1&playsinline=1\" allow=\"accelerometer;encrypted-media;gyroscope;picture-in-picture;fullscreen\" class=\"tf_abs tf_w tf_h\"><\/iframe><\/noscript>\n                                <\/div>\n            <!-- \/video-wrap -->\n        <\/div>\n        <!-- \/video-wrap-outer -->\n            <\/div>\n        <\/div>\n                    <div  data-lazy=\"1\" class=\"module_column tb-column tb_6cet761 last\">\n                    <!-- module video -->\n<div  class=\"module module-video tb_081k731 video-top  \" data-lazy=\"1\">\n                    <div class=\"video-wrap-outer\">\n            <div class=\"video-wrap tf_rel tf_overflow\">\n                                    <noscript><iframe data-no-script src=\"https:\/\/www.youtube.com\/embed\/dwokvq8XhWs?pip=1&playsinline=1\" allow=\"accelerometer;encrypted-media;gyroscope;picture-in-picture;fullscreen\" class=\"tf_abs tf_w tf_h\"><\/iframe><\/noscript>\n                                <\/div>\n            <!-- \/video-wrap -->\n        <\/div>\n        <!-- \/video-wrap-outer -->\n            <\/div>\n        <\/div>\n                        <\/div>\n        <\/div>\n                        <div  data-desktop-padding=\"40px,40px\" data-css_id=\"1ogv281\" data-lazy=\"1\" class=\"module_row themify_builder_row fullwidth_row_container tb_1ogv281 tf_w\">\n                        <div class=\"row_inner col_align_top tb_col_count_2 tf_box tf_rel\">\n                        <div  data-lazy=\"1\" class=\"module_column tb-column tb_slsv281 first\">\n                    <!-- module video -->\n<div  class=\"module module-video tb_7cl9281 video-top  \" data-lazy=\"1\">\n                    <div class=\"video-wrap-outer\">\n            <div class=\"video-wrap tf_rel tf_overflow\">\n                                    <noscript><iframe data-no-script src=\"https:\/\/www.youtube.com\/embed\/ZHHA1yV9p_Q?pip=1&playsinline=1\" allow=\"accelerometer;encrypted-media;gyroscope;picture-in-picture;fullscreen\" class=\"tf_abs tf_w tf_h\"><\/iframe><\/noscript>\n                                <\/div>\n            <!-- \/video-wrap -->\n        <\/div>\n        <!-- \/video-wrap-outer -->\n            <\/div>\n        <\/div>\n                    <div  data-lazy=\"1\" class=\"module_column tb-column tb_m2bf281 last\">\n                    <!-- module video -->\n<div  class=\"module module-video tb_4e3p281 video-top  \" data-lazy=\"1\">\n                    <div class=\"video-wrap-outer\">\n            <div class=\"video-wrap tf_rel tf_overflow\">\n                                    <noscript><iframe data-no-script src=\"https:\/\/www.youtube.com\/embed\/dPAlCtufKbk?pip=1&playsinline=1\" allow=\"accelerometer;encrypted-media;gyroscope;picture-in-picture;fullscreen\" class=\"tf_abs tf_w tf_h\"><\/iframe><\/noscript>\n                                <\/div>\n            <!-- \/video-wrap -->\n        <\/div>\n        <!-- \/video-wrap-outer -->\n            <\/div>\n        <\/div>\n                        <\/div>\n        <\/div>\n                        <div  data-desktop-padding=\"40px,40px\" data-css_id=\"jemk374\" data-lazy=\"1\" class=\"module_row themify_builder_row fullwidth_row_container tb_jemk374 tf_w\">\n                        <div class=\"row_inner col_align_top tb_col_count_2 tf_box tf_rel\">\n                        <div  data-lazy=\"1\" class=\"module_column tb-column tb_ztsv374 first\">\n                    <!-- module video -->\n<div  class=\"module module-video tb_yuac374 video-top  \" data-lazy=\"1\">\n                    <div class=\"video-wrap-outer\">\n            <div class=\"video-wrap tf_rel tf_overflow\">\n                                    <noscript><iframe data-no-script src=\"https:\/\/www.youtube.com\/embed\/eElFGHXL9-U?pip=1&playsinline=1\" allow=\"accelerometer;encrypted-media;gyroscope;picture-in-picture;fullscreen\" class=\"tf_abs tf_w tf_h\"><\/iframe><\/noscript>\n                                <\/div>\n            <!-- \/video-wrap -->\n        <\/div>\n        <!-- \/video-wrap-outer -->\n            <\/div>\n        <\/div>\n                    <div  data-lazy=\"1\" class=\"module_column tb-column tb_kk1z374 last\">\n                    <!-- module video -->\n<div  class=\"module module-video tb_3x6u374 video-top  \" data-lazy=\"1\">\n                    <div class=\"video-wrap-outer\">\n            <div class=\"video-wrap tf_rel tf_overflow\">\n                                    <noscript><iframe data-no-script src=\"https:\/\/www.youtube.com\/embed\/IbYk1BzVsy0?pip=1&playsinline=1&start=38\" allow=\"accelerometer;encrypted-media;gyroscope;picture-in-picture;fullscreen\" class=\"tf_abs tf_w tf_h\"><\/iframe><\/noscript>\n                                <\/div>\n            <!-- \/video-wrap -->\n        <\/div>\n        <!-- \/video-wrap-outer -->\n            <\/div>\n        <\/div>\n                        <\/div>\n        <\/div>\n        <\/div>\n<!--\/themify_builder_content-->","protected":false},"excerpt":{"rendered":"","protected":false},"author":3,"featured_media":0,"parent":4630,"menu_order":17,"comment_status":"closed","ping_status":"closed","template":"","meta":{"_acf_changed":false,"footnotes":""},"class_list":["post-8531","page","type-page","status-publish","hentry"],"acf":[],"yoast_head":"<!-- This site is optimized with the Yoast SEO plugin v22.7 - https:\/\/yoast.com\/wordpress\/plugins\/seo\/ -->\n<title>Podcasts - Ivan \u0160iller<\/title>\n<meta name=\"robots\" content=\"index, follow, max-snippet:-1, max-image-preview:large, max-video-preview:-1\" \/>\n<link rel=\"canonical\" href=\"https:\/\/ivansiller.com\/en\/media\/video\/video-podcasts\/\" \/>\n<meta property=\"og:locale\" content=\"en_US\" \/>\n<meta property=\"og:type\" content=\"article\" \/>\n<meta property=\"og:title\" content=\"Podcasts - Ivan \u0160iller\" \/>\n<meta property=\"og:url\" content=\"https:\/\/ivansiller.com\/en\/media\/video\/video-podcasts\/\" \/>\n<meta property=\"og:site_name\" content=\"Ivan \u0160iller\" \/>\n<meta property=\"article:publisher\" content=\"https:\/\/www.facebook.com\/ivan.siller.1\" \/>\n<meta property=\"article:modified_time\" content=\"2024-05-10T09:33:49+00:00\" \/>\n<meta name=\"twitter:card\" content=\"summary_large_image\" \/>\n<meta name=\"twitter:site\" content=\"@siller_pianist\" \/>\n<meta name=\"twitter:label1\" content=\"Est. reading time\" \/>\n\t<meta name=\"twitter:data1\" content=\"1 minute\" \/>\n<script type=\"application\/ld+json\" class=\"yoast-schema-graph\">{\"@context\":\"https:\/\/schema.org\",\"@graph\":[{\"@type\":\"WebPage\",\"@id\":\"https:\/\/ivansiller.com\/en\/media\/video\/video-podcasts\/\",\"url\":\"https:\/\/ivansiller.com\/en\/media\/video\/video-podcasts\/\",\"name\":\"Podcasts - Ivan \u0160iller\",\"isPartOf\":{\"@id\":\"https:\/\/ivansiller.com\/en\/#website\"},\"datePublished\":\"2022-09-05T06:35:44+00:00\",\"dateModified\":\"2024-05-10T09:33:49+00:00\",\"breadcrumb\":{\"@id\":\"https:\/\/ivansiller.com\/en\/media\/video\/video-podcasts\/#breadcrumb\"},\"inLanguage\":\"en-US\",\"potentialAction\":[{\"@type\":\"ReadAction\",\"target\":[\"https:\/\/ivansiller.com\/en\/media\/video\/video-podcasts\/\"]}]},{\"@type\":\"BreadcrumbList\",\"@id\":\"https:\/\/ivansiller.com\/en\/media\/video\/video-podcasts\/#breadcrumb\",\"itemListElement\":[{\"@type\":\"ListItem\",\"position\":1,\"name\":\"Home\",\"item\":\"https:\/\/ivansiller.com\/en\/\"},{\"@type\":\"ListItem\",\"position\":2,\"name\":\"Media\",\"item\":\"https:\/\/ivansiller.com\/en\/media\/\"},{\"@type\":\"ListItem\",\"position\":3,\"name\":\"Video\",\"item\":\"https:\/\/ivansiller.com\/en\/media\/video\/\"},{\"@type\":\"ListItem\",\"position\":4,\"name\":\"Podcasts\"}]},{\"@type\":\"WebSite\",\"@id\":\"https:\/\/ivansiller.com\/en\/#website\",\"url\":\"https:\/\/ivansiller.com\/en\/\",\"name\":\"Ivan \u0160iller\",\"description\":\"hudobn\u00edk, klavirista, organiz\u00e1tor, pedag\u00f3g\",\"publisher\":{\"@id\":\"https:\/\/ivansiller.com\/en\/#organization\"},\"potentialAction\":[{\"@type\":\"SearchAction\",\"target\":{\"@type\":\"EntryPoint\",\"urlTemplate\":\"https:\/\/ivansiller.com\/en\/?s={search_term_string}\"},\"query-input\":\"required name=search_term_string\"}],\"inLanguage\":\"en-US\"},{\"@type\":\"Organization\",\"@id\":\"https:\/\/ivansiller.com\/en\/#organization\",\"name\":\"Ivan \u0160iller\",\"url\":\"https:\/\/ivansiller.com\/en\/\",\"logo\":{\"@type\":\"ImageObject\",\"inLanguage\":\"en-US\",\"@id\":\"https:\/\/ivansiller.com\/en\/#\/schema\/logo\/image\/\",\"url\":\"https:\/\/ivansiller.com\/wp-content\/uploads\/ivan1-1.png\",\"contentUrl\":\"https:\/\/ivansiller.com\/wp-content\/uploads\/ivan1-1.png\",\"width\":600,\"height\":600,\"caption\":\"Ivan \u0160iller\"},\"image\":{\"@id\":\"https:\/\/ivansiller.com\/en\/#\/schema\/logo\/image\/\"},\"sameAs\":[\"https:\/\/www.facebook.com\/ivan.siller.1\",\"https:\/\/x.com\/siller_pianist\"]}]}<\/script>\n<!-- \/ Yoast SEO plugin. -->","yoast_head_json":{"title":"Podcasts - Ivan \u0160iller","robots":{"index":"index","follow":"follow","max-snippet":"max-snippet:-1","max-image-preview":"max-image-preview:large","max-video-preview":"max-video-preview:-1"},"canonical":"https:\/\/ivansiller.com\/en\/media\/video\/video-podcasts\/","og_locale":"en_US","og_type":"article","og_title":"Podcasts - Ivan \u0160iller","og_url":"https:\/\/ivansiller.com\/en\/media\/video\/video-podcasts\/","og_site_name":"Ivan \u0160iller","article_publisher":"https:\/\/www.facebook.com\/ivan.siller.1","article_modified_time":"2024-05-10T09:33:49+00:00","twitter_card":"summary_large_image","twitter_site":"@siller_pianist","twitter_misc":{"Est. reading time":"1 minute"},"schema":{"@context":"https:\/\/schema.org","@graph":[{"@type":"WebPage","@id":"https:\/\/ivansiller.com\/en\/media\/video\/video-podcasts\/","url":"https:\/\/ivansiller.com\/en\/media\/video\/video-podcasts\/","name":"Podcasts - Ivan \u0160iller","isPartOf":{"@id":"https:\/\/ivansiller.com\/en\/#website"},"datePublished":"2022-09-05T06:35:44+00:00","dateModified":"2024-05-10T09:33:49+00:00","breadcrumb":{"@id":"https:\/\/ivansiller.com\/en\/media\/video\/video-podcasts\/#breadcrumb"},"inLanguage":"en-US","potentialAction":[{"@type":"ReadAction","target":["https:\/\/ivansiller.com\/en\/media\/video\/video-podcasts\/"]}]},{"@type":"BreadcrumbList","@id":"https:\/\/ivansiller.com\/en\/media\/video\/video-podcasts\/#breadcrumb","itemListElement":[{"@type":"ListItem","position":1,"name":"Home","item":"https:\/\/ivansiller.com\/en\/"},{"@type":"ListItem","position":2,"name":"Media","item":"https:\/\/ivansiller.com\/en\/media\/"},{"@type":"ListItem","position":3,"name":"Video","item":"https:\/\/ivansiller.com\/en\/media\/video\/"},{"@type":"ListItem","position":4,"name":"Podcasts"}]},{"@type":"WebSite","@id":"https:\/\/ivansiller.com\/en\/#website","url":"https:\/\/ivansiller.com\/en\/","name":"Ivan \u0160iller","description":"hudobn\u00edk, klavirista, organiz\u00e1tor, pedag\u00f3g","publisher":{"@id":"https:\/\/ivansiller.com\/en\/#organization"},"potentialAction":[{"@type":"SearchAction","target":{"@type":"EntryPoint","urlTemplate":"https:\/\/ivansiller.com\/en\/?s={search_term_string}"},"query-input":"required name=search_term_string"}],"inLanguage":"en-US"},{"@type":"Organization","@id":"https:\/\/ivansiller.com\/en\/#organization","name":"Ivan \u0160iller","url":"https:\/\/ivansiller.com\/en\/","logo":{"@type":"ImageObject","inLanguage":"en-US","@id":"https:\/\/ivansiller.com\/en\/#\/schema\/logo\/image\/","url":"https:\/\/ivansiller.com\/wp-content\/uploads\/ivan1-1.png","contentUrl":"https:\/\/ivansiller.com\/wp-content\/uploads\/ivan1-1.png","width":600,"height":600,"caption":"Ivan \u0160iller"},"image":{"@id":"https:\/\/ivansiller.com\/en\/#\/schema\/logo\/image\/"},"sameAs":["https:\/\/www.facebook.com\/ivan.siller.1","https:\/\/x.com\/siller_pianist"]}]}},"builder_content":"[embed]https:\/\/www.youtube.com\/watch?v=R_PoKSMe21Q[\/embed]\n[embed]https:\/\/www.youtube.com\/watch?v=dwokvq8XhWs[\/embed]\n[embed]https:\/\/www.youtube.com\/watch?v=ZHHA1yV9p_Q[\/embed]\n[embed]https:\/\/www.youtube.com\/embed\/dPAlCtufKbk[\/embed]\n[embed]https:\/\/www.youtube.com\/watch?v=eElFGHXL9-U[\/embed]\n[embed]https:\/\/www.youtube.com\/watch?v=IbYk1BzVsy0&#038;t=200s[\/embed]","_links":{"self":[{"href":"https:\/\/ivansiller.com\/en\/wp-json\/wp\/v2\/pages\/8531","targetHints":{"allow":["GET"]}}],"collection":[{"href":"https:\/\/ivansiller.com\/en\/wp-json\/wp\/v2\/pages"}],"about":[{"href":"https:\/\/ivansiller.com\/en\/wp-json\/wp\/v2\/types\/page"}],"author":[{"embeddable":true,"href":"https:\/\/ivansiller.com\/en\/wp-json\/wp\/v2\/users\/3"}],"replies":[{"embeddable":true,"href":"https:\/\/ivansiller.com\/en\/wp-json\/wp\/v2\/comments?post=8531"}],"version-history":[{"count":5,"href":"https:\/\/ivansiller.com\/en\/wp-json\/wp\/v2\/pages\/8531\/revisions"}],"predecessor-version":[{"id":9148,"href":"https:\/\/ivansiller.com\/en\/wp-json\/wp\/v2\/pages\/8531\/revisions\/9148"}],"up":[{"embeddable":true,"href":"https:\/\/ivansiller.com\/en\/wp-json\/wp\/v2\/pages\/4630"}],"wp:attachment":[{"href":"https:\/\/ivansiller.com\/en\/wp-json\/wp\/v2\/media?parent=8531"}],"curies":[{"name":"wp","href":"https:\/\/api.w.org\/{rel}","templated":true}]}}