{"id":4643,"date":"2018-11-08T10:18:19","date_gmt":"2018-11-08T09:18:19","guid":{"rendered":"https:\/\/ivansiller.com\/about-me\/repertoar\/"},"modified":"2019-08-22T18:42:34","modified_gmt":"2019-08-22T16:42:34","slug":"repertoire","status":"publish","type":"page","link":"https:\/\/ivansiller.com\/en\/about-me\/repertoire\/","title":{"rendered":"Repertoire"},"content":{"rendered":"<!--themify_builder_content-->\n<div id=\"themify_builder_content-4643\" data-postid=\"4643\" class=\"themify_builder_content themify_builder_content-4643 themify_builder tf_clear\">\n                    <div  data-lazy=\"1\" class=\"module_row themify_builder_row tb_grg2134 tb_first tf_w\">\n                        <div class=\"row_inner col_align_top tb_col_count_1 tf_box tf_rel\">\n                        <div  data-lazy=\"1\" class=\"module_column tb-column col-full tb_vajy135 first\">\n                    <!-- module plain text -->\n<div  class=\"module module-plain-text tb_iv3x136 \" data-lazy=\"1\">\n        <div class=\"tb_text_wrap\">\n    \n\t<div class=\"main_filter_wrapper w_repertoire\">\n\t<div class=\"main_filter\">\n\t<div class=\"chbx_filters\">\n\t<div class=\"types_filter\">\n\t<label><input type='checkbox' class='radio' value='23' name='types[]' \/><span class=\"checkboxtext\">Ensemble<\/span><\/label><label><input type='checkbox' class='radio' value='22' name='types[]' \/><span class=\"checkboxtext\">Solo<\/span><\/label><label><input type='checkbox' class='radio' value='21' name='types[]' \/><span class=\"checkboxtext\">Chamber&nbsp;music<\/span><\/label>\n\t<\/div>\n\t<div class=\"premieres_filter\">\n\t<label><input type='checkbox' value='248' name='premieres[]' \/><span class=\"checkboxtext\">chamber&nbsp;music<\/span><\/label><label><input type='checkbox' value='28' name='premieres[]' \/><span class=\"checkboxtext\">German&nbsp;Premiere<\/span><\/label><label><input type='checkbox' value='27' name='premieres[]' \/><span class=\"checkboxtext\">Belgian&nbsp;Premiere<\/span><\/label><label><input type='checkbox' value='26' name='premieres[]' \/><span class=\"checkboxtext\">Czech&nbsp;Premiere<\/span><\/label><label><input type='checkbox' value='25' name='premieres[]' \/><span class=\"checkboxtext\">Slovak&nbsp;Premiere<\/span><\/label><label><input type='checkbox' value='24' name='premieres[]' \/><span class=\"checkboxtext\">World&nbsp;Premiere<\/span><\/label>\n\t<\/div>\n\t<\/div>\n\t<div class=\"alphabet_filters\">\n\t<div id=\"f_authors\" class=\"selected\">\n\t <h3>Filter by composers:<\/h3>\n\t <div class=\"letters\">\n\t <li><span class=\"selected\" title=\"\u2013all composers\u2013\">\u2013all composers\u2013<\/span><\/li> <li><span title=\"A\">A<\/span><\/li> <li><span title=\"B\">B<\/span><\/li> <li><span title=\"C\">C<\/span><\/li> <li><span title=\"\u010c\">\u010c<\/span><\/li> <li><span title=\"D\">D<\/span><\/li> <li><span title=\"F\">F<\/span><\/li> <li><span title=\"G\">G<\/span><\/li> <li><span title=\"H\">H<\/span><\/li> <li><span title=\"Ch\">Ch<\/span><\/li> <li><span title=\"I\">I<\/span><\/li> <li><span title=\"J\">J<\/span><\/li> <li><span title=\"K\">K<\/span><\/li> <li><span title=\"L\">L<\/span><\/li> <li><span title=\"M\">M<\/span><\/li> <li><span title=\"N\">N<\/span><\/li> <li><span title=\"P\">P<\/span><\/li> <li><span title=\"R\">R<\/span><\/li> <li><span title=\"S\">S<\/span><\/li> <li><span title=\"\u0160\">\u0160<\/span><\/li> <li><span title=\"T\">T<\/span><\/li> <li><span title=\"U\">U<\/span><\/li> <li><span title=\"V\">V<\/span><\/li> <li><span title=\"W\">W<\/span><\/li> <li><span title=\"X\">X<\/span><\/li> <li><span title=\"Y\">Y<\/span><\/li> <li><span title=\"Z\">Z<\/span><\/li> \n\t <\/div>\n\t<\/div>\n\t<div id=\"f_compositions\">\n\t <h3>Filter by compositions:<\/h3>\n\t <div class=\"letters\">\n\t <li><span title=\"\u2013all compositions\u2013\">\u2013all compositions\u2013<\/span><\/li> <li><span title=\"\"><\/span><\/li> <li><span title=\"\u2026\">\u2026<\/span><\/li> <li><span title=\"\u201c\">\u201c<\/span><\/li> <li><span title=\"(\">(<\/span><\/li> <li><span title=\"1\">1<\/span><\/li> <li><span title=\"2\">2<\/span><\/li> <li><span title=\"3\">3<\/span><\/li> <li><span title=\"4\">4<\/span><\/li> <li><span title=\"5\">5<\/span><\/li> <li><span title=\"9\">9<\/span><\/li> <li><span title=\"A\">A<\/span><\/li> <li><span title=\"B\">B<\/span><\/li> <li><span title=\"C\">C<\/span><\/li> <li><span title=\"D\">D<\/span><\/li> <li><span title=\"E\">E<\/span><\/li> <li><span title=\"\u00c9\">\u00c9<\/span><\/li> <li><span title=\"F\">F<\/span><\/li> <li><span title=\"G\">G<\/span><\/li> <li><span title=\"H\">H<\/span><\/li> <li><span title=\"CH\">CH<\/span><\/li> <li><span title=\"I\">I<\/span><\/li> <li><span title=\"\u200b\">\u200b<\/span><\/li> <li><span title=\"J\">J<\/span><\/li> <li><span title=\"K\">K<\/span><\/li> <li><span title=\"L\">L<\/span><\/li> <li><span title=\"M\">M<\/span><\/li> <li><span title=\"N\">N<\/span><\/li> <li><span title=\"O\">O<\/span><\/li> <li><span title=\"P\">P<\/span><\/li> <li><span title=\"Q\">Q<\/span><\/li> <li><span title=\"R\">R<\/span><\/li> <li><span title=\"\u0158\">\u0158<\/span><\/li> <li><span title=\"S\">S<\/span><\/li> <li><span title=\"T\">T<\/span><\/li> <li><span title=\"U\">U<\/span><\/li> <li><span title=\"V\">V<\/span><\/li> <li><span title=\"W\">W<\/span><\/li> <li><span title=\"Y\">Y<\/span><\/li> <li><span title=\"Z\">Z<\/span><\/li> \n\t <\/div>\n\t<\/div>\n\t<\/div>\n\t<\/div>\n\t<\/div>\n\t<div id=\"repertoire_results_box\">\n\t<div class=\"overlay\">\n\t<\/div>\n\t<div class=\"results\">\n\t<\/div>\n\t<\/div>\n    <\/div>\n<\/div>\n<!-- \/module plain text -->        <\/div>\n                        <\/div>\n        <\/div>\n        <\/div>\n<!--\/themify_builder_content-->","protected":false},"excerpt":{"rendered":"","protected":false},"author":1,"featured_media":0,"parent":4598,"menu_order":28,"comment_status":"closed","ping_status":"closed","template":"","meta":{"_acf_changed":false,"footnotes":""},"class_list":["post-4643","page","type-page","status-publish","hentry"],"acf":[],"yoast_head":"<!-- This site is optimized with the Yoast SEO plugin v22.7 - https:\/\/yoast.com\/wordpress\/plugins\/seo\/ -->\n<title>Repertoire - Ivan \u0160iller<\/title>\n<meta name=\"robots\" content=\"index, follow, max-snippet:-1, max-image-preview:large, max-video-preview:-1\" \/>\n<link rel=\"canonical\" href=\"https:\/\/ivansiller.com\/en\/about-me\/repertoire\/\" \/>\n<meta property=\"og:locale\" content=\"en_US\" \/>\n<meta property=\"og:type\" content=\"article\" \/>\n<meta property=\"og:title\" content=\"Repertoire - Ivan \u0160iller\" \/>\n<meta property=\"og:url\" content=\"https:\/\/ivansiller.com\/en\/about-me\/repertoire\/\" \/>\n<meta property=\"og:site_name\" content=\"Ivan \u0160iller\" \/>\n<meta property=\"article:publisher\" content=\"https:\/\/www.facebook.com\/ivan.siller.1\" \/>\n<meta property=\"article:modified_time\" content=\"2019-08-22T16:42:34+00:00\" \/>\n<meta name=\"twitter:card\" content=\"summary_large_image\" \/>\n<meta name=\"twitter:site\" content=\"@siller_pianist\" \/>\n<script type=\"application\/ld+json\" class=\"yoast-schema-graph\">{\"@context\":\"https:\/\/schema.org\",\"@graph\":[{\"@type\":\"WebPage\",\"@id\":\"https:\/\/ivansiller.com\/en\/about-me\/repertoire\/\",\"url\":\"https:\/\/ivansiller.com\/en\/about-me\/repertoire\/\",\"name\":\"Repertoire - Ivan \u0160iller\",\"isPartOf\":{\"@id\":\"https:\/\/ivansiller.com\/en\/#website\"},\"datePublished\":\"2018-11-08T09:18:19+00:00\",\"dateModified\":\"2019-08-22T16:42:34+00:00\",\"breadcrumb\":{\"@id\":\"https:\/\/ivansiller.com\/en\/about-me\/repertoire\/#breadcrumb\"},\"inLanguage\":\"en-US\",\"potentialAction\":[{\"@type\":\"ReadAction\",\"target\":[\"https:\/\/ivansiller.com\/en\/about-me\/repertoire\/\"]}]},{\"@type\":\"BreadcrumbList\",\"@id\":\"https:\/\/ivansiller.com\/en\/about-me\/repertoire\/#breadcrumb\",\"itemListElement\":[{\"@type\":\"ListItem\",\"position\":1,\"name\":\"Home\",\"item\":\"https:\/\/ivansiller.com\/en\/\"},{\"@type\":\"ListItem\",\"position\":2,\"name\":\"About me\",\"item\":\"https:\/\/ivansiller.com\/en\/about-me\/\"},{\"@type\":\"ListItem\",\"position\":3,\"name\":\"Repertoire\"}]},{\"@type\":\"WebSite\",\"@id\":\"https:\/\/ivansiller.com\/en\/#website\",\"url\":\"https:\/\/ivansiller.com\/en\/\",\"name\":\"Ivan \u0160iller\",\"description\":\"hudobn\u00edk, klavirista, organiz\u00e1tor, pedag\u00f3g\",\"publisher\":{\"@id\":\"https:\/\/ivansiller.com\/en\/#organization\"},\"potentialAction\":[{\"@type\":\"SearchAction\",\"target\":{\"@type\":\"EntryPoint\",\"urlTemplate\":\"https:\/\/ivansiller.com\/en\/?s={search_term_string}\"},\"query-input\":\"required name=search_term_string\"}],\"inLanguage\":\"en-US\"},{\"@type\":\"Organization\",\"@id\":\"https:\/\/ivansiller.com\/en\/#organization\",\"name\":\"Ivan \u0160iller\",\"url\":\"https:\/\/ivansiller.com\/en\/\",\"logo\":{\"@type\":\"ImageObject\",\"inLanguage\":\"en-US\",\"@id\":\"https:\/\/ivansiller.com\/en\/#\/schema\/logo\/image\/\",\"url\":\"https:\/\/ivansiller.com\/wp-content\/uploads\/ivan1-1.png\",\"contentUrl\":\"https:\/\/ivansiller.com\/wp-content\/uploads\/ivan1-1.png\",\"width\":600,\"height\":600,\"caption\":\"Ivan \u0160iller\"},\"image\":{\"@id\":\"https:\/\/ivansiller.com\/en\/#\/schema\/logo\/image\/\"},\"sameAs\":[\"https:\/\/www.facebook.com\/ivan.siller.1\",\"https:\/\/x.com\/siller_pianist\"]}]}<\/script>\n<!-- \/ Yoast SEO plugin. -->","yoast_head_json":{"title":"Repertoire - Ivan \u0160iller","robots":{"index":"index","follow":"follow","max-snippet":"max-snippet:-1","max-image-preview":"max-image-preview:large","max-video-preview":"max-video-preview:-1"},"canonical":"https:\/\/ivansiller.com\/en\/about-me\/repertoire\/","og_locale":"en_US","og_type":"article","og_title":"Repertoire - Ivan \u0160iller","og_url":"https:\/\/ivansiller.com\/en\/about-me\/repertoire\/","og_site_name":"Ivan \u0160iller","article_publisher":"https:\/\/www.facebook.com\/ivan.siller.1","article_modified_time":"2019-08-22T16:42:34+00:00","twitter_card":"summary_large_image","twitter_site":"@siller_pianist","schema":{"@context":"https:\/\/schema.org","@graph":[{"@type":"WebPage","@id":"https:\/\/ivansiller.com\/en\/about-me\/repertoire\/","url":"https:\/\/ivansiller.com\/en\/about-me\/repertoire\/","name":"Repertoire - Ivan \u0160iller","isPartOf":{"@id":"https:\/\/ivansiller.com\/en\/#website"},"datePublished":"2018-11-08T09:18:19+00:00","dateModified":"2019-08-22T16:42:34+00:00","breadcrumb":{"@id":"https:\/\/ivansiller.com\/en\/about-me\/repertoire\/#breadcrumb"},"inLanguage":"en-US","potentialAction":[{"@type":"ReadAction","target":["https:\/\/ivansiller.com\/en\/about-me\/repertoire\/"]}]},{"@type":"BreadcrumbList","@id":"https:\/\/ivansiller.com\/en\/about-me\/repertoire\/#breadcrumb","itemListElement":[{"@type":"ListItem","position":1,"name":"Home","item":"https:\/\/ivansiller.com\/en\/"},{"@type":"ListItem","position":2,"name":"About me","item":"https:\/\/ivansiller.com\/en\/about-me\/"},{"@type":"ListItem","position":3,"name":"Repertoire"}]},{"@type":"WebSite","@id":"https:\/\/ivansiller.com\/en\/#website","url":"https:\/\/ivansiller.com\/en\/","name":"Ivan \u0160iller","description":"hudobn\u00edk, klavirista, organiz\u00e1tor, pedag\u00f3g","publisher":{"@id":"https:\/\/ivansiller.com\/en\/#organization"},"potentialAction":[{"@type":"SearchAction","target":{"@type":"EntryPoint","urlTemplate":"https:\/\/ivansiller.com\/en\/?s={search_term_string}"},"query-input":"required name=search_term_string"}],"inLanguage":"en-US"},{"@type":"Organization","@id":"https:\/\/ivansiller.com\/en\/#organization","name":"Ivan \u0160iller","url":"https:\/\/ivansiller.com\/en\/","logo":{"@type":"ImageObject","inLanguage":"en-US","@id":"https:\/\/ivansiller.com\/en\/#\/schema\/logo\/image\/","url":"https:\/\/ivansiller.com\/wp-content\/uploads\/ivan1-1.png","contentUrl":"https:\/\/ivansiller.com\/wp-content\/uploads\/ivan1-1.png","width":600,"height":600,"caption":"Ivan \u0160iller"},"image":{"@id":"https:\/\/ivansiller.com\/en\/#\/schema\/logo\/image\/"},"sameAs":["https:\/\/www.facebook.com\/ivan.siller.1","https:\/\/x.com\/siller_pianist"]}]}},"builder_content":"[repertoire]","_links":{"self":[{"href":"https:\/\/ivansiller.com\/en\/wp-json\/wp\/v2\/pages\/4643","targetHints":{"allow":["GET"]}}],"collection":[{"href":"https:\/\/ivansiller.com\/en\/wp-json\/wp\/v2\/pages"}],"about":[{"href":"https:\/\/ivansiller.com\/en\/wp-json\/wp\/v2\/types\/page"}],"author":[{"embeddable":true,"href":"https:\/\/ivansiller.com\/en\/wp-json\/wp\/v2\/users\/1"}],"replies":[{"embeddable":true,"href":"https:\/\/ivansiller.com\/en\/wp-json\/wp\/v2\/comments?post=4643"}],"version-history":[{"count":2,"href":"https:\/\/ivansiller.com\/en\/wp-json\/wp\/v2\/pages\/4643\/revisions"}],"predecessor-version":[{"id":4645,"href":"https:\/\/ivansiller.com\/en\/wp-json\/wp\/v2\/pages\/4643\/revisions\/4645"}],"up":[{"embeddable":true,"href":"https:\/\/ivansiller.com\/en\/wp-json\/wp\/v2\/pages\/4598"}],"wp:attachment":[{"href":"https:\/\/ivansiller.com\/en\/wp-json\/wp\/v2\/media?parent=4643"}],"curies":[{"name":"wp","href":"https:\/\/api.w.org\/{rel}","templated":true}]}}