{"id":4640,"date":"2018-11-08T10:19:15","date_gmt":"2018-11-08T09:19:15","guid":{"rendered":"https:\/\/ivansiller.com\/about-me\/press-kit\/"},"modified":"2024-05-15T19:06:15","modified_gmt":"2024-05-15T17:06:15","slug":"press-kit","status":"publish","type":"page","link":"https:\/\/ivansiller.com\/en\/about-me\/press-kit\/","title":{"rendered":"Press Kit"},"content":{"rendered":"<!--themify_builder_content-->\n<div id=\"themify_builder_content-4640\" data-postid=\"4640\" class=\"themify_builder_content themify_builder_content-4640 themify_builder tf_clear\">\n                    <div  data-lazy=\"1\" class=\"module_row themify_builder_row tb_7214c93 tb_first tf_w\">\n                        <div class=\"row_inner col_align_top tb_col_count_1 tf_box tf_rel\">\n                        <div  data-lazy=\"1\" class=\"module_column tb-column col-full tb_f1d6e3f first\">\n                            <\/div>\n                        <\/div>\n        <\/div>\n                        <div  data-lazy=\"1\" class=\"module_row themify_builder_row tb_be7b140 tf_w\">\n                        <div class=\"row_inner col_align_top tb_col_count_1 tf_box tf_rel\">\n                        <div  data-lazy=\"1\" class=\"module_column tb-column col-full tb_da7307a first\">\n                    <!-- module text -->\n<div  class=\"module module-text tb_temc658   \" data-lazy=\"1\">\n        <div  class=\"tb_text_wrap\">\n        <p><a href=\"https:\/\/ivansiller.com\/wp-content\/uploads\/Ivan-Siller_EN.pdf\" class=\"mtli_attachment mtli_pdf\">Ivan Siller_CV and discography<\/a><\/p>\n    <\/div>\n<\/div>\n<!-- \/module text --><!-- module text -->\n<div  class=\"module module-text tb_7787921   \" data-lazy=\"1\">\n        <div  class=\"tb_text_wrap\">\n        <p>Profile photos<\/p>    <\/div>\n<\/div>\n<!-- \/module text --><!-- module gallery -->\n<div  class=\"module gallery module-gallery tb_7c4b341 layout-lightboxed  ps_gallery\" data-lazy=\"1\">\n        <dl class=\"gallery-item tf_hidden\">\n                    <dt class=\"gallery-icon\">\n                <a data-title=\"\" href=\"https:\/\/ivansiller.com\/wp-content\/uploads\/DSC04661.jpg\" title=\"DSC04661\" data-rel=\"tb_7c4b341\" class=\"themify_lightbox\">\n        \n                <img decoding=\"async\" src=\"https:\/\/ivansiller.com\/wp-content\/uploads\/DSC04661-2024x1352-300x200.jpg\" width=\"300\" height=\"200\" class=\"wp-post-image wp-image-2587\" title=\"DSC04661\" alt=\" \">\n                        <\/a>\n            <\/dt>\n                    <\/dl>\n\n    <dl class=\"gallery-item\" style=\"display:none\">\n                    <dt class=\"gallery-icon\">\n                <a data-title=\"\" href=\"https:\/\/ivansiller.com\/wp-content\/uploads\/DSC04665.jpg\" title=\"DSC04665\" data-rel=\"tb_7c4b341\" class=\"themify_lightbox\">\n        \n                4240\n                        <\/a>\n            <\/dt>\n                    <\/dl>\n\n    <dl class=\"gallery-item\" style=\"display:none\">\n                    <dt class=\"gallery-icon\">\n                <a data-title=\"\" href=\"https:\/\/ivansiller.com\/wp-content\/uploads\/DSC04766.jpg\" title=\"DSC04766\" data-rel=\"tb_7c4b341\" class=\"themify_lightbox\">\n        \n                4240\n                        <\/a>\n            <\/dt>\n                    <\/dl>\n\n    <dl class=\"gallery-item\" style=\"display:none\">\n                    <dt class=\"gallery-icon\">\n                <a data-title=\"\" href=\"https:\/\/ivansiller.com\/wp-content\/uploads\/IMG_3435.jpg\" title=\"IMG_3435\" data-rel=\"tb_7c4b341\" class=\"themify_lightbox\">\n        \n                3456\n                        <\/a>\n            <\/dt>\n                    <\/dl>\n\n    <dl class=\"gallery-item\" style=\"display:none\">\n                    <dt class=\"gallery-icon\">\n                <a data-title=\"\" href=\"https:\/\/ivansiller.com\/wp-content\/uploads\/IMG_3490.jpg\" title=\"IMG_3490\" data-rel=\"tb_7c4b341\" class=\"themify_lightbox\">\n        \n                5184\n                        <\/a>\n            <\/dt>\n                    <\/dl>\n\n    <dl class=\"gallery-item\" style=\"display:none\">\n                    <dt class=\"gallery-icon\">\n                <a data-title=\"\" href=\"https:\/\/ivansiller.com\/wp-content\/uploads\/IMG_3530.jpg\" title=\"IMG_3530\" data-rel=\"tb_7c4b341\" class=\"themify_lightbox\">\n        \n                5184\n                        <\/a>\n            <\/dt>\n                    <\/dl>\n\n<\/div>\n<!-- \/module gallery -->        <\/div>\n                        <\/div>\n        <\/div>\n        <\/div>\n<!--\/themify_builder_content-->","protected":false},"excerpt":{"rendered":"<p>Ivan Siller_CV and discography Profile photos<\/p>\n","protected":false},"author":1,"featured_media":0,"parent":4598,"menu_order":25,"comment_status":"closed","ping_status":"closed","template":"","meta":{"_acf_changed":false,"footnotes":""},"class_list":["post-4640","page","type-page","status-publish","hentry"],"acf":[],"yoast_head":"<!-- This site is optimized with the Yoast SEO plugin v22.7 - https:\/\/yoast.com\/wordpress\/plugins\/seo\/ -->\n<title>Press Kit - Ivan \u0160iller<\/title>\n<meta name=\"robots\" content=\"index, follow, max-snippet:-1, max-image-preview:large, max-video-preview:-1\" \/>\n<link rel=\"canonical\" href=\"https:\/\/ivansiller.com\/en\/about-me\/press-kit\/\" \/>\n<meta property=\"og:locale\" content=\"en_US\" \/>\n<meta property=\"og:type\" content=\"article\" \/>\n<meta property=\"og:title\" content=\"Press Kit - Ivan \u0160iller\" \/>\n<meta property=\"og:description\" content=\"Ivan Siller_CV and discography Profile photos\" \/>\n<meta property=\"og:url\" content=\"https:\/\/ivansiller.com\/en\/about-me\/press-kit\/\" \/>\n<meta property=\"og:site_name\" content=\"Ivan \u0160iller\" \/>\n<meta property=\"article:publisher\" content=\"https:\/\/www.facebook.com\/ivan.siller.1\" \/>\n<meta property=\"article:modified_time\" content=\"2024-05-15T17:06:15+00:00\" \/>\n<meta property=\"og:image\" content=\"https:\/\/ivansiller.com\/wp-content\/uploads\/DSC04661-300x300.jpg\" \/>\n<meta name=\"twitter:card\" content=\"summary_large_image\" \/>\n<meta name=\"twitter:site\" content=\"@siller_pianist\" \/>\n<script type=\"application\/ld+json\" class=\"yoast-schema-graph\">{\"@context\":\"https:\/\/schema.org\",\"@graph\":[{\"@type\":\"WebPage\",\"@id\":\"https:\/\/ivansiller.com\/en\/about-me\/press-kit\/\",\"url\":\"https:\/\/ivansiller.com\/en\/about-me\/press-kit\/\",\"name\":\"Press Kit - Ivan \u0160iller\",\"isPartOf\":{\"@id\":\"https:\/\/ivansiller.com\/en\/#website\"},\"datePublished\":\"2018-11-08T09:19:15+00:00\",\"dateModified\":\"2024-05-15T17:06:15+00:00\",\"breadcrumb\":{\"@id\":\"https:\/\/ivansiller.com\/en\/about-me\/press-kit\/#breadcrumb\"},\"inLanguage\":\"en-US\",\"potentialAction\":[{\"@type\":\"ReadAction\",\"target\":[\"https:\/\/ivansiller.com\/en\/about-me\/press-kit\/\"]}]},{\"@type\":\"BreadcrumbList\",\"@id\":\"https:\/\/ivansiller.com\/en\/about-me\/press-kit\/#breadcrumb\",\"itemListElement\":[{\"@type\":\"ListItem\",\"position\":1,\"name\":\"Home\",\"item\":\"https:\/\/ivansiller.com\/en\/\"},{\"@type\":\"ListItem\",\"position\":2,\"name\":\"About me\",\"item\":\"https:\/\/ivansiller.com\/en\/about-me\/\"},{\"@type\":\"ListItem\",\"position\":3,\"name\":\"Press Kit\"}]},{\"@type\":\"WebSite\",\"@id\":\"https:\/\/ivansiller.com\/en\/#website\",\"url\":\"https:\/\/ivansiller.com\/en\/\",\"name\":\"Ivan \u0160iller\",\"description\":\"hudobn\u00edk, klavirista, organiz\u00e1tor, pedag\u00f3g\",\"publisher\":{\"@id\":\"https:\/\/ivansiller.com\/en\/#organization\"},\"potentialAction\":[{\"@type\":\"SearchAction\",\"target\":{\"@type\":\"EntryPoint\",\"urlTemplate\":\"https:\/\/ivansiller.com\/en\/?s={search_term_string}\"},\"query-input\":\"required name=search_term_string\"}],\"inLanguage\":\"en-US\"},{\"@type\":\"Organization\",\"@id\":\"https:\/\/ivansiller.com\/en\/#organization\",\"name\":\"Ivan \u0160iller\",\"url\":\"https:\/\/ivansiller.com\/en\/\",\"logo\":{\"@type\":\"ImageObject\",\"inLanguage\":\"en-US\",\"@id\":\"https:\/\/ivansiller.com\/en\/#\/schema\/logo\/image\/\",\"url\":\"https:\/\/ivansiller.com\/wp-content\/uploads\/ivan1-1.png\",\"contentUrl\":\"https:\/\/ivansiller.com\/wp-content\/uploads\/ivan1-1.png\",\"width\":600,\"height\":600,\"caption\":\"Ivan \u0160iller\"},\"image\":{\"@id\":\"https:\/\/ivansiller.com\/en\/#\/schema\/logo\/image\/\"},\"sameAs\":[\"https:\/\/www.facebook.com\/ivan.siller.1\",\"https:\/\/x.com\/siller_pianist\"]}]}<\/script>\n<!-- \/ Yoast SEO plugin. -->","yoast_head_json":{"title":"Press Kit - Ivan \u0160iller","robots":{"index":"index","follow":"follow","max-snippet":"max-snippet:-1","max-image-preview":"max-image-preview:large","max-video-preview":"max-video-preview:-1"},"canonical":"https:\/\/ivansiller.com\/en\/about-me\/press-kit\/","og_locale":"en_US","og_type":"article","og_title":"Press Kit - Ivan \u0160iller","og_description":"Ivan Siller_CV and discography Profile photos","og_url":"https:\/\/ivansiller.com\/en\/about-me\/press-kit\/","og_site_name":"Ivan \u0160iller","article_publisher":"https:\/\/www.facebook.com\/ivan.siller.1","article_modified_time":"2024-05-15T17:06:15+00:00","og_image":[{"url":"https:\/\/ivansiller.com\/wp-content\/uploads\/DSC04661-300x300.jpg"}],"twitter_card":"summary_large_image","twitter_site":"@siller_pianist","schema":{"@context":"https:\/\/schema.org","@graph":[{"@type":"WebPage","@id":"https:\/\/ivansiller.com\/en\/about-me\/press-kit\/","url":"https:\/\/ivansiller.com\/en\/about-me\/press-kit\/","name":"Press Kit - Ivan \u0160iller","isPartOf":{"@id":"https:\/\/ivansiller.com\/en\/#website"},"datePublished":"2018-11-08T09:19:15+00:00","dateModified":"2024-05-15T17:06:15+00:00","breadcrumb":{"@id":"https:\/\/ivansiller.com\/en\/about-me\/press-kit\/#breadcrumb"},"inLanguage":"en-US","potentialAction":[{"@type":"ReadAction","target":["https:\/\/ivansiller.com\/en\/about-me\/press-kit\/"]}]},{"@type":"BreadcrumbList","@id":"https:\/\/ivansiller.com\/en\/about-me\/press-kit\/#breadcrumb","itemListElement":[{"@type":"ListItem","position":1,"name":"Home","item":"https:\/\/ivansiller.com\/en\/"},{"@type":"ListItem","position":2,"name":"About me","item":"https:\/\/ivansiller.com\/en\/about-me\/"},{"@type":"ListItem","position":3,"name":"Press Kit"}]},{"@type":"WebSite","@id":"https:\/\/ivansiller.com\/en\/#website","url":"https:\/\/ivansiller.com\/en\/","name":"Ivan \u0160iller","description":"hudobn\u00edk, klavirista, organiz\u00e1tor, pedag\u00f3g","publisher":{"@id":"https:\/\/ivansiller.com\/en\/#organization"},"potentialAction":[{"@type":"SearchAction","target":{"@type":"EntryPoint","urlTemplate":"https:\/\/ivansiller.com\/en\/?s={search_term_string}"},"query-input":"required name=search_term_string"}],"inLanguage":"en-US"},{"@type":"Organization","@id":"https:\/\/ivansiller.com\/en\/#organization","name":"Ivan \u0160iller","url":"https:\/\/ivansiller.com\/en\/","logo":{"@type":"ImageObject","inLanguage":"en-US","@id":"https:\/\/ivansiller.com\/en\/#\/schema\/logo\/image\/","url":"https:\/\/ivansiller.com\/wp-content\/uploads\/ivan1-1.png","contentUrl":"https:\/\/ivansiller.com\/wp-content\/uploads\/ivan1-1.png","width":600,"height":600,"caption":"Ivan \u0160iller"},"image":{"@id":"https:\/\/ivansiller.com\/en\/#\/schema\/logo\/image\/"},"sameAs":["https:\/\/www.facebook.com\/ivan.siller.1","https:\/\/x.com\/siller_pianist"]}]}},"builder_content":"<p><a href=\"https:\/\/ivansiller.com\/wp-content\/uploads\/Ivan-Siller_EN.pdf\">Ivan Siller_CV and discography<\/a><\/p>\n<p>Profile photos<\/p>\n[gallery ids=\\\"2586,2588,2590,2592,2594,2596\\\"]","_links":{"self":[{"href":"https:\/\/ivansiller.com\/en\/wp-json\/wp\/v2\/pages\/4640","targetHints":{"allow":["GET"]}}],"collection":[{"href":"https:\/\/ivansiller.com\/en\/wp-json\/wp\/v2\/pages"}],"about":[{"href":"https:\/\/ivansiller.com\/en\/wp-json\/wp\/v2\/types\/page"}],"author":[{"embeddable":true,"href":"https:\/\/ivansiller.com\/en\/wp-json\/wp\/v2\/users\/1"}],"replies":[{"embeddable":true,"href":"https:\/\/ivansiller.com\/en\/wp-json\/wp\/v2\/comments?post=4640"}],"version-history":[{"count":7,"href":"https:\/\/ivansiller.com\/en\/wp-json\/wp\/v2\/pages\/4640\/revisions"}],"predecessor-version":[{"id":9165,"href":"https:\/\/ivansiller.com\/en\/wp-json\/wp\/v2\/pages\/4640\/revisions\/9165"}],"up":[{"embeddable":true,"href":"https:\/\/ivansiller.com\/en\/wp-json\/wp\/v2\/pages\/4598"}],"wp:attachment":[{"href":"https:\/\/ivansiller.com\/en\/wp-json\/wp\/v2\/media?parent=4640"}],"curies":[{"name":"wp","href":"https:\/\/api.w.org\/{rel}","templated":true}]}}