{"id":4635,"date":"2018-11-08T10:19:36","date_gmt":"2018-11-08T09:19:36","guid":{"rendered":"https:\/\/ivansiller.com\/about-me\/kontakt\/"},"modified":"2025-09-16T10:48:53","modified_gmt":"2025-09-16T08:48:53","slug":"contact","status":"publish","type":"page","link":"https:\/\/ivansiller.com\/en\/about-me\/contact\/","title":{"rendered":"Contact"},"content":{"rendered":"<!--themify_builder_content-->\n<div id=\"themify_builder_content-4635\" data-postid=\"4635\" class=\"themify_builder_content themify_builder_content-4635 themify_builder tf_clear\">\n                    <div  data-lazy=\"1\" class=\"module_row themify_builder_row tb_cfbab14 tb_first tf_w\">\n                        <div class=\"row_inner col_align_top tb_col_count_1 tf_box tf_rel\">\n                        <div  data-lazy=\"1\" class=\"module_column tb-column col-full tb_39bbf02 first\">\n                    <!-- module text -->\n<div  class=\"module module-text tb_e7aaaae   \" data-lazy=\"1\">\n        <div  class=\"tb_text_wrap\">\n        <p>Ivan \u0160iller<\/p><p><a href=\"\\&quot;mailto:ivan.siller@gmail.com\\&quot;\" target=\"\\&quot;_blank\\&quot;\" rel=\"\\&quot;noopener\\&quot;\">ivan.siller@gmail.com<\/a><\/p><p>\u00a0<\/p><p>assistant:<br \/>Jon\u00e1\u0161 Boro\u0161<br \/><a href=\"\\&quot;mailto:jonas.boros1@gmail.com\\&quot;\" target=\"\\&quot;_blank\\&quot;\" rel=\"\\&quot;noopener\\&quot;\">jonas.boros1@gmail.com<\/a><\/p><p><a href=\"\\&quot;tel:+421907902294\\&quot;\" target=\"\\&quot;_blank\\&quot;\" rel=\"\\&quot;noopener\\&quot;\">+421 907 902 294<\/a><\/p><p>\u00a0<\/p><p>management:<\/p><p>Barbora Otrubov\u00e1<\/p><p class=\"p1\"><a href=\"mailto:barbora%40in-music.sk\">barbora@in-music.sk<\/a><\/p>    <\/div>\n<\/div>\n<!-- \/module text -->        <\/div>\n                        <\/div>\n        <\/div>\n        <\/div>\n<!--\/themify_builder_content-->","protected":false},"excerpt":{"rendered":"<p>Ivan \u0160illerivan.siller@gmail.com\u00a0assistant:Jon\u00e1\u0161 Boro\u0161jonas.boros1@gmail.com+421 907 902 294\u00a0management:Barbora Otrubov\u00e1barbora@in-music.sk[widget id=\\\"zoom-social-icons-widget-2\\\"]<\/p>\n","protected":false},"author":1,"featured_media":0,"parent":4598,"menu_order":22,"comment_status":"closed","ping_status":"closed","template":"","meta":{"_acf_changed":false,"footnotes":""},"class_list":["post-4635","page","type-page","status-publish","hentry"],"acf":[],"yoast_head":"<!-- This site is optimized with the Yoast SEO plugin v22.7 - https:\/\/yoast.com\/wordpress\/plugins\/seo\/ -->\n<title>Contact - Ivan \u0160iller<\/title>\n<meta name=\"robots\" content=\"index, follow, max-snippet:-1, max-image-preview:large, max-video-preview:-1\" \/>\n<link rel=\"canonical\" href=\"https:\/\/ivansiller.com\/en\/about-me\/contact\/\" \/>\n<meta property=\"og:locale\" content=\"en_US\" \/>\n<meta property=\"og:type\" content=\"article\" \/>\n<meta property=\"og:title\" content=\"Contact - Ivan \u0160iller\" \/>\n<meta property=\"og:description\" content=\"Ivan \u0160illerivan.siller@gmail.com\u00a0assistant:Jon\u00e1\u0161 Boro\u0161jonas.boros1@gmail.com+421 907 902 294\u00a0management:Barbora Otrubov\u00e1barbora@in-music.sk\" \/>\n<meta property=\"og:url\" content=\"https:\/\/ivansiller.com\/en\/about-me\/contact\/\" \/>\n<meta property=\"og:site_name\" content=\"Ivan \u0160iller\" \/>\n<meta property=\"article:publisher\" content=\"https:\/\/www.facebook.com\/ivan.siller.1\" \/>\n<meta property=\"article:modified_time\" content=\"2025-09-16T08:48:53+00:00\" \/>\n<meta name=\"twitter:card\" content=\"summary_large_image\" \/>\n<meta name=\"twitter:site\" content=\"@siller_pianist\" \/>\n<meta name=\"twitter:label1\" content=\"Est. reading time\" \/>\n\t<meta name=\"twitter:data1\" content=\"1 minute\" \/>\n<script type=\"application\/ld+json\" class=\"yoast-schema-graph\">{\"@context\":\"https:\/\/schema.org\",\"@graph\":[{\"@type\":\"WebPage\",\"@id\":\"https:\/\/ivansiller.com\/en\/about-me\/contact\/\",\"url\":\"https:\/\/ivansiller.com\/en\/about-me\/contact\/\",\"name\":\"Contact - Ivan \u0160iller\",\"isPartOf\":{\"@id\":\"https:\/\/ivansiller.com\/en\/#website\"},\"datePublished\":\"2018-11-08T09:19:36+00:00\",\"dateModified\":\"2025-09-16T08:48:53+00:00\",\"breadcrumb\":{\"@id\":\"https:\/\/ivansiller.com\/en\/about-me\/contact\/#breadcrumb\"},\"inLanguage\":\"en-US\",\"potentialAction\":[{\"@type\":\"ReadAction\",\"target\":[\"https:\/\/ivansiller.com\/en\/about-me\/contact\/\"]}]},{\"@type\":\"BreadcrumbList\",\"@id\":\"https:\/\/ivansiller.com\/en\/about-me\/contact\/#breadcrumb\",\"itemListElement\":[{\"@type\":\"ListItem\",\"position\":1,\"name\":\"Home\",\"item\":\"https:\/\/ivansiller.com\/en\/\"},{\"@type\":\"ListItem\",\"position\":2,\"name\":\"About me\",\"item\":\"https:\/\/ivansiller.com\/en\/about-me\/\"},{\"@type\":\"ListItem\",\"position\":3,\"name\":\"Contact\"}]},{\"@type\":\"WebSite\",\"@id\":\"https:\/\/ivansiller.com\/en\/#website\",\"url\":\"https:\/\/ivansiller.com\/en\/\",\"name\":\"Ivan \u0160iller\",\"description\":\"hudobn\u00edk, klavirista, organiz\u00e1tor, pedag\u00f3g\",\"publisher\":{\"@id\":\"https:\/\/ivansiller.com\/en\/#organization\"},\"potentialAction\":[{\"@type\":\"SearchAction\",\"target\":{\"@type\":\"EntryPoint\",\"urlTemplate\":\"https:\/\/ivansiller.com\/en\/?s={search_term_string}\"},\"query-input\":\"required name=search_term_string\"}],\"inLanguage\":\"en-US\"},{\"@type\":\"Organization\",\"@id\":\"https:\/\/ivansiller.com\/en\/#organization\",\"name\":\"Ivan \u0160iller\",\"url\":\"https:\/\/ivansiller.com\/en\/\",\"logo\":{\"@type\":\"ImageObject\",\"inLanguage\":\"en-US\",\"@id\":\"https:\/\/ivansiller.com\/en\/#\/schema\/logo\/image\/\",\"url\":\"https:\/\/ivansiller.com\/wp-content\/uploads\/ivan1-1.png\",\"contentUrl\":\"https:\/\/ivansiller.com\/wp-content\/uploads\/ivan1-1.png\",\"width\":600,\"height\":600,\"caption\":\"Ivan \u0160iller\"},\"image\":{\"@id\":\"https:\/\/ivansiller.com\/en\/#\/schema\/logo\/image\/\"},\"sameAs\":[\"https:\/\/www.facebook.com\/ivan.siller.1\",\"https:\/\/x.com\/siller_pianist\"]}]}<\/script>\n<!-- \/ Yoast SEO plugin. -->","yoast_head_json":{"title":"Contact - Ivan \u0160iller","robots":{"index":"index","follow":"follow","max-snippet":"max-snippet:-1","max-image-preview":"max-image-preview:large","max-video-preview":"max-video-preview:-1"},"canonical":"https:\/\/ivansiller.com\/en\/about-me\/contact\/","og_locale":"en_US","og_type":"article","og_title":"Contact - Ivan \u0160iller","og_description":"Ivan \u0160illerivan.siller@gmail.com\u00a0assistant:Jon\u00e1\u0161 Boro\u0161jonas.boros1@gmail.com+421 907 902 294\u00a0management:Barbora Otrubov\u00e1barbora@in-music.sk","og_url":"https:\/\/ivansiller.com\/en\/about-me\/contact\/","og_site_name":"Ivan \u0160iller","article_publisher":"https:\/\/www.facebook.com\/ivan.siller.1","article_modified_time":"2025-09-16T08:48:53+00:00","twitter_card":"summary_large_image","twitter_site":"@siller_pianist","twitter_misc":{"Est. reading time":"1 minute"},"schema":{"@context":"https:\/\/schema.org","@graph":[{"@type":"WebPage","@id":"https:\/\/ivansiller.com\/en\/about-me\/contact\/","url":"https:\/\/ivansiller.com\/en\/about-me\/contact\/","name":"Contact - Ivan \u0160iller","isPartOf":{"@id":"https:\/\/ivansiller.com\/en\/#website"},"datePublished":"2018-11-08T09:19:36+00:00","dateModified":"2025-09-16T08:48:53+00:00","breadcrumb":{"@id":"https:\/\/ivansiller.com\/en\/about-me\/contact\/#breadcrumb"},"inLanguage":"en-US","potentialAction":[{"@type":"ReadAction","target":["https:\/\/ivansiller.com\/en\/about-me\/contact\/"]}]},{"@type":"BreadcrumbList","@id":"https:\/\/ivansiller.com\/en\/about-me\/contact\/#breadcrumb","itemListElement":[{"@type":"ListItem","position":1,"name":"Home","item":"https:\/\/ivansiller.com\/en\/"},{"@type":"ListItem","position":2,"name":"About me","item":"https:\/\/ivansiller.com\/en\/about-me\/"},{"@type":"ListItem","position":3,"name":"Contact"}]},{"@type":"WebSite","@id":"https:\/\/ivansiller.com\/en\/#website","url":"https:\/\/ivansiller.com\/en\/","name":"Ivan \u0160iller","description":"hudobn\u00edk, klavirista, organiz\u00e1tor, pedag\u00f3g","publisher":{"@id":"https:\/\/ivansiller.com\/en\/#organization"},"potentialAction":[{"@type":"SearchAction","target":{"@type":"EntryPoint","urlTemplate":"https:\/\/ivansiller.com\/en\/?s={search_term_string}"},"query-input":"required name=search_term_string"}],"inLanguage":"en-US"},{"@type":"Organization","@id":"https:\/\/ivansiller.com\/en\/#organization","name":"Ivan \u0160iller","url":"https:\/\/ivansiller.com\/en\/","logo":{"@type":"ImageObject","inLanguage":"en-US","@id":"https:\/\/ivansiller.com\/en\/#\/schema\/logo\/image\/","url":"https:\/\/ivansiller.com\/wp-content\/uploads\/ivan1-1.png","contentUrl":"https:\/\/ivansiller.com\/wp-content\/uploads\/ivan1-1.png","width":600,"height":600,"caption":"Ivan \u0160iller"},"image":{"@id":"https:\/\/ivansiller.com\/en\/#\/schema\/logo\/image\/"},"sameAs":["https:\/\/www.facebook.com\/ivan.siller.1","https:\/\/x.com\/siller_pianist"]}]}},"builder_content":"<p>Ivan \u0160iller<\/p><p><a href=\"\\&quot;mailto:ivan.siller@gmail.com\\&quot;\" target=\"\\&quot;_blank\\&quot;\" rel=\"\\&quot;noopener\\&quot;\">ivan.siller@gmail.com<\/a><\/p><p>\u00a0<\/p><p>assistant:<br \/>Jon\u00e1\u0161 Boro\u0161<br \/><a href=\"\\&quot;mailto:jonas.boros1@gmail.com\\&quot;\" target=\"\\&quot;_blank\\&quot;\" rel=\"\\&quot;noopener\\&quot;\">jonas.boros1@gmail.com<\/a><\/p><p><a href=\"\\&quot;tel:+421907902294\\&quot;\" target=\"\\&quot;_blank\\&quot;\" rel=\"\\&quot;noopener\\&quot;\">+421 907 902 294<\/a><\/p><p>\u00a0<\/p><p>management:<\/p><p>Barbora Otrubov\u00e1<\/p><p><a href=\"mailto:barbora%40in-music.sk\">barbora@in-music.sk<\/a><\/p><p>[widget id=\\\"zoom-social-icons-widget-2\\\"]<\/p>","_links":{"self":[{"href":"https:\/\/ivansiller.com\/en\/wp-json\/wp\/v2\/pages\/4635","targetHints":{"allow":["GET"]}}],"collection":[{"href":"https:\/\/ivansiller.com\/en\/wp-json\/wp\/v2\/pages"}],"about":[{"href":"https:\/\/ivansiller.com\/en\/wp-json\/wp\/v2\/types\/page"}],"author":[{"embeddable":true,"href":"https:\/\/ivansiller.com\/en\/wp-json\/wp\/v2\/users\/1"}],"replies":[{"embeddable":true,"href":"https:\/\/ivansiller.com\/en\/wp-json\/wp\/v2\/comments?post=4635"}],"version-history":[{"count":5,"href":"https:\/\/ivansiller.com\/en\/wp-json\/wp\/v2\/pages\/4635\/revisions"}],"predecessor-version":[{"id":10338,"href":"https:\/\/ivansiller.com\/en\/wp-json\/wp\/v2\/pages\/4635\/revisions\/10338"}],"up":[{"embeddable":true,"href":"https:\/\/ivansiller.com\/en\/wp-json\/wp\/v2\/pages\/4598"}],"wp:attachment":[{"href":"https:\/\/ivansiller.com\/en\/wp-json\/wp\/v2\/media?parent=4635"}],"curies":[{"name":"wp","href":"https:\/\/api.w.org\/{rel}","templated":true}]}}