{"id":4603,"date":"2018-11-29T11:30:55","date_gmt":"2018-11-29T10:30:55","guid":{"rendered":"https:\/\/ivansiller.com\/nahravky\/"},"modified":"2019-08-22T18:28:32","modified_gmt":"2019-08-22T16:28:32","slug":"recordings","status":"publish","type":"page","link":"https:\/\/ivansiller.com\/en\/media\/recordings\/","title":{"rendered":"Recordings"},"content":{"rendered":"<!--themify_builder_content-->\n<div id=\"themify_builder_content-4603\" data-postid=\"4603\" class=\"themify_builder_content themify_builder_content-4603 themify_builder tf_clear\">\n                    <div  data-lazy=\"1\" class=\"module_row themify_builder_row tb_5d02d39 tb_first tf_w\">\n                        <div class=\"row_inner col_align_top tb_col_count_2 tf_box tf_rel\">\n                        <div  data-lazy=\"1\" class=\"module_column tb-column col4-2 tb_f78cfc9 first\">\n                    <!-- module text -->\n<div  class=\"module module-text tb_d738798  repeat \" data-lazy=\"1\">\n        <div  class=\"tb_text_wrap\">\n        <p><strong>List of composers whose work has been recorded on a CD:<\/strong><\/p><p>Adam\u010diak,\u00a0Milan |\u00a0Ayres,\u00a0Richard |\u00a0Boro\u0161,\u00a0Tom\u00e1\u0161 |\u00a0Sharp,\u00a0Elliott |\u00a0Glass,\u00a0Philip |\u00a0Fujikura,\u00a0Dai |\u00a0Ir\u0161ai,\u00a0Jevgenij |\u00a0Kurt\u00e1g,\u00a0Gy\u00f6rgy |\u00a0Kurt\u00e1g,\u00a0G.\u00a0\/ \u00a0Bach,\u00a0J.\u00a0S. |\u00a0Matej,\u00a0Daniel |\u00a0Par\u00edk,\u00a0Ivan |\u00a0Pia\u010dek,\u00a0Marek |\u00a0Posp\u00ed\u0161il,\u00a0Juraj |\u00a0Riley,\u00a0Terry |\u00a0Salva,\u00a0Tade\u00e1\u0161 |\u00a0Stravinskij,\u00a0Igor |\u00a0Zeljenka, Ilja a in\u00ed<\/p>    <\/div>\n<\/div>\n<!-- \/module text -->        <\/div>\n                    <div  data-lazy=\"1\" class=\"module_column tb-column col4-2 tb_d6ecbbe last\">\n                    <!-- module text -->\n<div  class=\"module module-text tb_e3f373c  repeat \" data-lazy=\"1\">\n        <div  class=\"tb_text_wrap\">\n        <p><strong>List of record companies:<\/strong><\/p><p>Orange\u00a0Mountain\u00a0Music,\u00a0USA |\u00a0Stradivarius\u00a0records, Italy |\u00a0Hevhetia\u00a0records, Slovakia |\u00a0Hudobn\u00fd\u00a0fond, Slovakia | InMusic, Slovakia | Mode Records, USA | Pavl\u00edk\u00a0records, Slovakia |\u00a0Dive\u00a0Buki, Slovakia |\u00a0ISCM\u00a0&#8211;\u00a0Slovak \u00a0section |\u00a0Kvap\u00f4\u010dky, Slovakia<\/p>    <\/div>\n<\/div>\n<!-- \/module text -->        <\/div>\n                        <\/div>\n        <\/div>\n        <\/div>\n<!--\/themify_builder_content-->","protected":false},"excerpt":{"rendered":"<p>List of composers whose work has been recorded on a CD: Adam\u010diak,\u00a0Milan |\u00a0Ayres,\u00a0Richard |\u00a0Boro\u0161,\u00a0Tom\u00e1\u0161 |\u00a0Sharp,\u00a0Elliott |\u00a0Glass,\u00a0Philip |\u00a0Fujikura,\u00a0Dai |\u00a0Ir\u0161ai,\u00a0Jevgenij |\u00a0Kurt\u00e1g,\u00a0Gy\u00f6rgy |\u00a0Kurt\u00e1g,\u00a0G.\u00a0\/ \u00a0Bach,\u00a0J.\u00a0S. |\u00a0Matej,\u00a0Daniel |\u00a0Par\u00edk,\u00a0Ivan |\u00a0Pia\u010dek,\u00a0Marek |\u00a0Posp\u00ed\u0161il,\u00a0Juraj |\u00a0Riley,\u00a0Terry |\u00a0Salva,\u00a0Tade\u00e1\u0161 |\u00a0Stravinskij,\u00a0Igor |\u00a0Zeljenka, Ilja a in\u00ed List of record companies: Orange\u00a0Mountain\u00a0Music,\u00a0USA |\u00a0Stradivarius\u00a0records, Italy |\u00a0Hevhetia\u00a0records, Slovakia |\u00a0Hudobn\u00fd\u00a0fond, Slovakia | InMusic, Slovakia | Mode Records, USA | Pavl\u00edk\u00a0records, Slovakia |\u00a0Dive\u00a0Buki, Slovakia [&hellip;]<\/p>\n","protected":false},"author":1,"featured_media":0,"parent":4620,"menu_order":12,"comment_status":"closed","ping_status":"closed","template":"","meta":{"_acf_changed":false,"footnotes":""},"class_list":["post-4603","page","type-page","status-publish","hentry"],"acf":[],"yoast_head":"<!-- This site is optimized with the Yoast SEO plugin v22.7 - https:\/\/yoast.com\/wordpress\/plugins\/seo\/ -->\n<title>Recordings - Ivan \u0160iller<\/title>\n<meta name=\"robots\" content=\"index, follow, max-snippet:-1, max-image-preview:large, max-video-preview:-1\" \/>\n<link rel=\"canonical\" href=\"https:\/\/ivansiller.com\/media\/nahravky\/\" \/>\n<meta property=\"og:locale\" content=\"en_US\" \/>\n<meta property=\"og:type\" content=\"article\" \/>\n<meta property=\"og:title\" content=\"Recordings - Ivan \u0160iller\" \/>\n<meta property=\"og:description\" content=\"List of composers whose work has been recorded on a CD: Adam\u010diak,\u00a0Milan |\u00a0Ayres,\u00a0Richard |\u00a0Boro\u0161,\u00a0Tom\u00e1\u0161 |\u00a0Sharp,\u00a0Elliott |\u00a0Glass,\u00a0Philip |\u00a0Fujikura,\u00a0Dai |\u00a0Ir\u0161ai,\u00a0Jevgenij |\u00a0Kurt\u00e1g,\u00a0Gy\u00f6rgy |\u00a0Kurt\u00e1g,\u00a0G.\u00a0\/ \u00a0Bach,\u00a0J.\u00a0S. |\u00a0Matej,\u00a0Daniel |\u00a0Par\u00edk,\u00a0Ivan |\u00a0Pia\u010dek,\u00a0Marek |\u00a0Posp\u00ed\u0161il,\u00a0Juraj |\u00a0Riley,\u00a0Terry |\u00a0Salva,\u00a0Tade\u00e1\u0161 |\u00a0Stravinskij,\u00a0Igor |\u00a0Zeljenka, Ilja a in\u00ed List of record companies: Orange\u00a0Mountain\u00a0Music,\u00a0USA |\u00a0Stradivarius\u00a0records, Italy |\u00a0Hevhetia\u00a0records, Slovakia |\u00a0Hudobn\u00fd\u00a0fond, Slovakia | InMusic, Slovakia | Mode Records, USA | Pavl\u00edk\u00a0records, Slovakia |\u00a0Dive\u00a0Buki, Slovakia [&hellip;]\" \/>\n<meta property=\"og:url\" content=\"https:\/\/ivansiller.com\/media\/nahravky\/\" \/>\n<meta property=\"og:site_name\" content=\"Ivan \u0160iller\" \/>\n<meta property=\"article:publisher\" content=\"https:\/\/www.facebook.com\/ivan.siller.1\" \/>\n<meta property=\"article:modified_time\" content=\"2019-08-22T16:28:32+00:00\" \/>\n<meta name=\"twitter:card\" content=\"summary_large_image\" \/>\n<meta name=\"twitter:site\" content=\"@siller_pianist\" \/>\n<script type=\"application\/ld+json\" class=\"yoast-schema-graph\">{\"@context\":\"https:\/\/schema.org\",\"@graph\":[{\"@type\":\"WebPage\",\"@id\":\"https:\/\/ivansiller.com\/media\/nahravky\/\",\"url\":\"https:\/\/ivansiller.com\/media\/nahravky\/\",\"name\":\"Recordings - Ivan \u0160iller\",\"isPartOf\":{\"@id\":\"https:\/\/ivansiller.com\/en\/#website\"},\"datePublished\":\"2018-11-29T10:30:55+00:00\",\"dateModified\":\"2019-08-22T16:28:32+00:00\",\"breadcrumb\":{\"@id\":\"https:\/\/ivansiller.com\/media\/nahravky\/#breadcrumb\"},\"inLanguage\":\"en-US\",\"potentialAction\":[{\"@type\":\"ReadAction\",\"target\":[\"https:\/\/ivansiller.com\/media\/nahravky\/\"]}]},{\"@type\":\"BreadcrumbList\",\"@id\":\"https:\/\/ivansiller.com\/media\/nahravky\/#breadcrumb\",\"itemListElement\":[{\"@type\":\"ListItem\",\"position\":1,\"name\":\"Home\",\"item\":\"https:\/\/ivansiller.com\/en\/\"},{\"@type\":\"ListItem\",\"position\":2,\"name\":\"Media\",\"item\":\"https:\/\/ivansiller.com\/en\/media\/\"},{\"@type\":\"ListItem\",\"position\":3,\"name\":\"Recordings\"}]},{\"@type\":\"WebSite\",\"@id\":\"https:\/\/ivansiller.com\/en\/#website\",\"url\":\"https:\/\/ivansiller.com\/en\/\",\"name\":\"Ivan \u0160iller\",\"description\":\"hudobn\u00edk, klavirista, organiz\u00e1tor, pedag\u00f3g\",\"publisher\":{\"@id\":\"https:\/\/ivansiller.com\/en\/#organization\"},\"potentialAction\":[{\"@type\":\"SearchAction\",\"target\":{\"@type\":\"EntryPoint\",\"urlTemplate\":\"https:\/\/ivansiller.com\/en\/?s={search_term_string}\"},\"query-input\":\"required name=search_term_string\"}],\"inLanguage\":\"en-US\"},{\"@type\":\"Organization\",\"@id\":\"https:\/\/ivansiller.com\/en\/#organization\",\"name\":\"Ivan \u0160iller\",\"url\":\"https:\/\/ivansiller.com\/en\/\",\"logo\":{\"@type\":\"ImageObject\",\"inLanguage\":\"en-US\",\"@id\":\"https:\/\/ivansiller.com\/en\/#\/schema\/logo\/image\/\",\"url\":\"https:\/\/ivansiller.com\/wp-content\/uploads\/ivan1-1.png\",\"contentUrl\":\"https:\/\/ivansiller.com\/wp-content\/uploads\/ivan1-1.png\",\"width\":600,\"height\":600,\"caption\":\"Ivan \u0160iller\"},\"image\":{\"@id\":\"https:\/\/ivansiller.com\/en\/#\/schema\/logo\/image\/\"},\"sameAs\":[\"https:\/\/www.facebook.com\/ivan.siller.1\",\"https:\/\/x.com\/siller_pianist\"]}]}<\/script>\n<!-- \/ Yoast SEO plugin. -->","yoast_head_json":{"title":"Recordings - Ivan \u0160iller","robots":{"index":"index","follow":"follow","max-snippet":"max-snippet:-1","max-image-preview":"max-image-preview:large","max-video-preview":"max-video-preview:-1"},"canonical":"https:\/\/ivansiller.com\/media\/nahravky\/","og_locale":"en_US","og_type":"article","og_title":"Recordings - Ivan \u0160iller","og_description":"List of composers whose work has been recorded on a CD: Adam\u010diak,\u00a0Milan |\u00a0Ayres,\u00a0Richard |\u00a0Boro\u0161,\u00a0Tom\u00e1\u0161 |\u00a0Sharp,\u00a0Elliott |\u00a0Glass,\u00a0Philip |\u00a0Fujikura,\u00a0Dai |\u00a0Ir\u0161ai,\u00a0Jevgenij |\u00a0Kurt\u00e1g,\u00a0Gy\u00f6rgy |\u00a0Kurt\u00e1g,\u00a0G.\u00a0\/ \u00a0Bach,\u00a0J.\u00a0S. |\u00a0Matej,\u00a0Daniel |\u00a0Par\u00edk,\u00a0Ivan |\u00a0Pia\u010dek,\u00a0Marek |\u00a0Posp\u00ed\u0161il,\u00a0Juraj |\u00a0Riley,\u00a0Terry |\u00a0Salva,\u00a0Tade\u00e1\u0161 |\u00a0Stravinskij,\u00a0Igor |\u00a0Zeljenka, Ilja a in\u00ed List of record companies: Orange\u00a0Mountain\u00a0Music,\u00a0USA |\u00a0Stradivarius\u00a0records, Italy |\u00a0Hevhetia\u00a0records, Slovakia |\u00a0Hudobn\u00fd\u00a0fond, Slovakia | InMusic, Slovakia | Mode Records, USA | Pavl\u00edk\u00a0records, Slovakia |\u00a0Dive\u00a0Buki, Slovakia [&hellip;]","og_url":"https:\/\/ivansiller.com\/media\/nahravky\/","og_site_name":"Ivan \u0160iller","article_publisher":"https:\/\/www.facebook.com\/ivan.siller.1","article_modified_time":"2019-08-22T16:28:32+00:00","twitter_card":"summary_large_image","twitter_site":"@siller_pianist","schema":{"@context":"https:\/\/schema.org","@graph":[{"@type":"WebPage","@id":"https:\/\/ivansiller.com\/media\/nahravky\/","url":"https:\/\/ivansiller.com\/media\/nahravky\/","name":"Recordings - Ivan \u0160iller","isPartOf":{"@id":"https:\/\/ivansiller.com\/en\/#website"},"datePublished":"2018-11-29T10:30:55+00:00","dateModified":"2019-08-22T16:28:32+00:00","breadcrumb":{"@id":"https:\/\/ivansiller.com\/media\/nahravky\/#breadcrumb"},"inLanguage":"en-US","potentialAction":[{"@type":"ReadAction","target":["https:\/\/ivansiller.com\/media\/nahravky\/"]}]},{"@type":"BreadcrumbList","@id":"https:\/\/ivansiller.com\/media\/nahravky\/#breadcrumb","itemListElement":[{"@type":"ListItem","position":1,"name":"Home","item":"https:\/\/ivansiller.com\/en\/"},{"@type":"ListItem","position":2,"name":"Media","item":"https:\/\/ivansiller.com\/en\/media\/"},{"@type":"ListItem","position":3,"name":"Recordings"}]},{"@type":"WebSite","@id":"https:\/\/ivansiller.com\/en\/#website","url":"https:\/\/ivansiller.com\/en\/","name":"Ivan \u0160iller","description":"hudobn\u00edk, klavirista, organiz\u00e1tor, pedag\u00f3g","publisher":{"@id":"https:\/\/ivansiller.com\/en\/#organization"},"potentialAction":[{"@type":"SearchAction","target":{"@type":"EntryPoint","urlTemplate":"https:\/\/ivansiller.com\/en\/?s={search_term_string}"},"query-input":"required name=search_term_string"}],"inLanguage":"en-US"},{"@type":"Organization","@id":"https:\/\/ivansiller.com\/en\/#organization","name":"Ivan \u0160iller","url":"https:\/\/ivansiller.com\/en\/","logo":{"@type":"ImageObject","inLanguage":"en-US","@id":"https:\/\/ivansiller.com\/en\/#\/schema\/logo\/image\/","url":"https:\/\/ivansiller.com\/wp-content\/uploads\/ivan1-1.png","contentUrl":"https:\/\/ivansiller.com\/wp-content\/uploads\/ivan1-1.png","width":600,"height":600,"caption":"Ivan \u0160iller"},"image":{"@id":"https:\/\/ivansiller.com\/en\/#\/schema\/logo\/image\/"},"sameAs":["https:\/\/www.facebook.com\/ivan.siller.1","https:\/\/x.com\/siller_pianist"]}]}},"builder_content":"<p><strong>List of composers whose work has been recorded on a CD:<\/strong><\/p><p>Adam\u010diak,\u00a0Milan |\u00a0Ayres,\u00a0Richard |\u00a0Boro\u0161,\u00a0Tom\u00e1\u0161 |\u00a0Sharp,\u00a0Elliott |\u00a0Glass,\u00a0Philip |\u00a0Fujikura,\u00a0Dai |\u00a0Ir\u0161ai,\u00a0Jevgenij |\u00a0Kurt\u00e1g,\u00a0Gy\u00f6rgy |\u00a0Kurt\u00e1g,\u00a0G.\u00a0\/ \u00a0Bach,\u00a0J.\u00a0S. |\u00a0Matej,\u00a0Daniel |\u00a0Par\u00edk,\u00a0Ivan |\u00a0Pia\u010dek,\u00a0Marek |\u00a0Posp\u00ed\u0161il,\u00a0Juraj |\u00a0Riley,\u00a0Terry |\u00a0Salva,\u00a0Tade\u00e1\u0161 |\u00a0Stravinskij,\u00a0Igor |\u00a0Zeljenka, Ilja a in\u00ed<\/p>\n<p><strong>List of record companies:<\/strong><\/p><p>Orange\u00a0Mountain\u00a0Music,\u00a0USA |\u00a0Stradivarius\u00a0records, Italy |\u00a0Hevhetia\u00a0records, Slovakia |\u00a0Hudobn\u00fd\u00a0fond, Slovakia | InMusic, Slovakia | Mode Records, USA | Pavl\u00edk\u00a0records, Slovakia |\u00a0Dive\u00a0Buki, Slovakia |\u00a0ISCM\u00a0-\u00a0Slovak \u00a0section |\u00a0Kvap\u00f4\u010dky, Slovakia<\/p>","_links":{"self":[{"href":"https:\/\/ivansiller.com\/en\/wp-json\/wp\/v2\/pages\/4603","targetHints":{"allow":["GET"]}}],"collection":[{"href":"https:\/\/ivansiller.com\/en\/wp-json\/wp\/v2\/pages"}],"about":[{"href":"https:\/\/ivansiller.com\/en\/wp-json\/wp\/v2\/types\/page"}],"author":[{"embeddable":true,"href":"https:\/\/ivansiller.com\/en\/wp-json\/wp\/v2\/users\/1"}],"replies":[{"embeddable":true,"href":"https:\/\/ivansiller.com\/en\/wp-json\/wp\/v2\/comments?post=4603"}],"version-history":[{"count":6,"href":"https:\/\/ivansiller.com\/en\/wp-json\/wp\/v2\/pages\/4603\/revisions"}],"predecessor-version":[{"id":4619,"href":"https:\/\/ivansiller.com\/en\/wp-json\/wp\/v2\/pages\/4603\/revisions\/4619"}],"up":[{"embeddable":true,"href":"https:\/\/ivansiller.com\/en\/wp-json\/wp\/v2\/pages\/4620"}],"wp:attachment":[{"href":"https:\/\/ivansiller.com\/en\/wp-json\/wp\/v2\/media?parent=4603"}],"curies":[{"name":"wp","href":"https:\/\/api.w.org\/{rel}","templated":true}]}}