{"id":4172,"date":"2018-11-08T10:21:03","date_gmt":"2018-11-08T09:21:03","guid":{"rendered":"https:\/\/ivansiller.com\/kalendar\/"},"modified":"2025-04-18T12:37:23","modified_gmt":"2025-04-18T10:37:23","slug":"calendar","status":"publish","type":"page","link":"https:\/\/ivansiller.com\/en\/calendar\/","title":{"rendered":"Calendar"},"content":{"rendered":"<!-- wp:themify-builder\/canvas \/-->\n\n\n<p class=\"closest-concert-lnk\"><a href=\"#closest-concert\">Scroll to closest concert<\/a><\/p>\n\n\n<a href=\"\"><\/a><div id=\"ajax-load-more\" class=\"ajax-load-more-wrap default\"  data-alm-id=\"\" data-canonical-url=\"https:\/\/ivansiller.com\/en\/calendar\/\" data-slug=\"calendar\" data-post-id=\"4172\"  data-localized=\"ajax_load_more_vars\" data-alm-object=\"ajax_load_more\"><ul aria-live=\"polite\" aria-atomic=\"true\" class=\"alm-listing alm-ajax\" data-container-type=\"ul\" data-loading-style=\"default\" data-repeater=\"default\" data-post-type=\"post\" data-category-and=\"13\" data-meta-key=\"date\" data-meta-value=\"2027-04-15 22:12:21\" data-meta-compare=\"lessthan\" data-order=\"DESC\" data-orderby=\"meta_value\" data-offset=\"0\" data-posts-per-page=\"25\" data-lang=\"en\" data-scroll=\"false\" data-button-label=\"\u010fal\u0161ie udalosti\" data-button-loading-label=\"\u010dakajte\u2026\" data-prev-button-label=\"Load Previous\"><\/ul><div class=\"alm-btn-wrap\" data-rel=\"ajax-load-more\"><button class=\"alm-load-more-btn more\" type=\"button\">\u010fal\u0161ie udalosti<\/button><\/div><\/div>\n<style>\n.pace { -webkit-pointer-events: none; pointer-events: none; -webkit-user-select: none; -moz-user-select: none; user-select: none; }\n.pace-inactive { display: none; }\n.pace .pace-progress { background: #3197a9; position: fixed; z-index: 2000; top: 0; right: 100%; width: 100%; height: 5px; -webkit-box-shadow: 0 0 3px rgba(255, 255, 255, 0.3); box-shadow: 0 0 2px rgba(255, 255, 255, 0.3); }\n<\/style>\n\n\n\n<p><\/p>\n","protected":false},"excerpt":{"rendered":"<p>Scroll to closest concert<\/p>\n","protected":false},"author":1,"featured_media":0,"parent":0,"menu_order":3,"comment_status":"closed","ping_status":"closed","template":"","meta":{"_acf_changed":false,"footnotes":""},"class_list":["post-4172","page","type-page","status-publish","hentry"],"acf":[],"yoast_head":"<!-- This site is optimized with the Yoast SEO plugin v22.7 - https:\/\/yoast.com\/wordpress\/plugins\/seo\/ -->\n<title>Calendar - Ivan \u0160iller<\/title>\n<meta name=\"robots\" content=\"index, follow, max-snippet:-1, max-image-preview:large, max-video-preview:-1\" \/>\n<link rel=\"canonical\" href=\"https:\/\/ivansiller.com\/en\/calendar\/\" \/>\n<meta property=\"og:locale\" content=\"en_US\" \/>\n<meta property=\"og:type\" content=\"article\" \/>\n<meta property=\"og:title\" content=\"Calendar - Ivan \u0160iller\" \/>\n<meta property=\"og:description\" content=\"Scroll to closest concert\" \/>\n<meta property=\"og:url\" content=\"https:\/\/ivansiller.com\/en\/calendar\/\" \/>\n<meta property=\"og:site_name\" content=\"Ivan \u0160iller\" \/>\n<meta property=\"article:publisher\" content=\"https:\/\/www.facebook.com\/ivan.siller.1\" \/>\n<meta property=\"article:modified_time\" content=\"2025-04-18T10:37:23+00:00\" \/>\n<meta name=\"twitter:card\" content=\"summary_large_image\" \/>\n<meta name=\"twitter:site\" content=\"@siller_pianist\" \/>\n<meta name=\"twitter:label1\" content=\"Est. reading time\" \/>\n\t<meta name=\"twitter:data1\" content=\"1 minute\" \/>\n<script type=\"application\/ld+json\" class=\"yoast-schema-graph\">{\"@context\":\"https:\/\/schema.org\",\"@graph\":[{\"@type\":\"WebPage\",\"@id\":\"https:\/\/ivansiller.com\/en\/calendar\/\",\"url\":\"https:\/\/ivansiller.com\/en\/calendar\/\",\"name\":\"Calendar - Ivan \u0160iller\",\"isPartOf\":{\"@id\":\"https:\/\/ivansiller.com\/en\/#website\"},\"datePublished\":\"2018-11-08T09:21:03+00:00\",\"dateModified\":\"2025-04-18T10:37:23+00:00\",\"breadcrumb\":{\"@id\":\"https:\/\/ivansiller.com\/en\/calendar\/#breadcrumb\"},\"inLanguage\":\"en-US\",\"potentialAction\":[{\"@type\":\"ReadAction\",\"target\":[\"https:\/\/ivansiller.com\/en\/calendar\/\"]}]},{\"@type\":\"BreadcrumbList\",\"@id\":\"https:\/\/ivansiller.com\/en\/calendar\/#breadcrumb\",\"itemListElement\":[{\"@type\":\"ListItem\",\"position\":1,\"name\":\"Home\",\"item\":\"https:\/\/ivansiller.com\/en\/\"},{\"@type\":\"ListItem\",\"position\":2,\"name\":\"Calendar\"}]},{\"@type\":\"WebSite\",\"@id\":\"https:\/\/ivansiller.com\/en\/#website\",\"url\":\"https:\/\/ivansiller.com\/en\/\",\"name\":\"Ivan \u0160iller\",\"description\":\"hudobn\u00edk, klavirista, organiz\u00e1tor, pedag\u00f3g\",\"publisher\":{\"@id\":\"https:\/\/ivansiller.com\/en\/#organization\"},\"potentialAction\":[{\"@type\":\"SearchAction\",\"target\":{\"@type\":\"EntryPoint\",\"urlTemplate\":\"https:\/\/ivansiller.com\/en\/?s={search_term_string}\"},\"query-input\":\"required name=search_term_string\"}],\"inLanguage\":\"en-US\"},{\"@type\":\"Organization\",\"@id\":\"https:\/\/ivansiller.com\/en\/#organization\",\"name\":\"Ivan \u0160iller\",\"url\":\"https:\/\/ivansiller.com\/en\/\",\"logo\":{\"@type\":\"ImageObject\",\"inLanguage\":\"en-US\",\"@id\":\"https:\/\/ivansiller.com\/en\/#\/schema\/logo\/image\/\",\"url\":\"https:\/\/ivansiller.com\/wp-content\/uploads\/ivan1-1.png\",\"contentUrl\":\"https:\/\/ivansiller.com\/wp-content\/uploads\/ivan1-1.png\",\"width\":600,\"height\":600,\"caption\":\"Ivan \u0160iller\"},\"image\":{\"@id\":\"https:\/\/ivansiller.com\/en\/#\/schema\/logo\/image\/\"},\"sameAs\":[\"https:\/\/www.facebook.com\/ivan.siller.1\",\"https:\/\/x.com\/siller_pianist\"]}]}<\/script>\n<!-- \/ Yoast SEO plugin. -->","yoast_head_json":{"title":"Calendar - Ivan \u0160iller","robots":{"index":"index","follow":"follow","max-snippet":"max-snippet:-1","max-image-preview":"max-image-preview:large","max-video-preview":"max-video-preview:-1"},"canonical":"https:\/\/ivansiller.com\/en\/calendar\/","og_locale":"en_US","og_type":"article","og_title":"Calendar - Ivan \u0160iller","og_description":"Scroll to closest concert","og_url":"https:\/\/ivansiller.com\/en\/calendar\/","og_site_name":"Ivan \u0160iller","article_publisher":"https:\/\/www.facebook.com\/ivan.siller.1","article_modified_time":"2025-04-18T10:37:23+00:00","twitter_card":"summary_large_image","twitter_site":"@siller_pianist","twitter_misc":{"Est. reading time":"1 minute"},"schema":{"@context":"https:\/\/schema.org","@graph":[{"@type":"WebPage","@id":"https:\/\/ivansiller.com\/en\/calendar\/","url":"https:\/\/ivansiller.com\/en\/calendar\/","name":"Calendar - Ivan \u0160iller","isPartOf":{"@id":"https:\/\/ivansiller.com\/en\/#website"},"datePublished":"2018-11-08T09:21:03+00:00","dateModified":"2025-04-18T10:37:23+00:00","breadcrumb":{"@id":"https:\/\/ivansiller.com\/en\/calendar\/#breadcrumb"},"inLanguage":"en-US","potentialAction":[{"@type":"ReadAction","target":["https:\/\/ivansiller.com\/en\/calendar\/"]}]},{"@type":"BreadcrumbList","@id":"https:\/\/ivansiller.com\/en\/calendar\/#breadcrumb","itemListElement":[{"@type":"ListItem","position":1,"name":"Home","item":"https:\/\/ivansiller.com\/en\/"},{"@type":"ListItem","position":2,"name":"Calendar"}]},{"@type":"WebSite","@id":"https:\/\/ivansiller.com\/en\/#website","url":"https:\/\/ivansiller.com\/en\/","name":"Ivan \u0160iller","description":"hudobn\u00edk, klavirista, organiz\u00e1tor, pedag\u00f3g","publisher":{"@id":"https:\/\/ivansiller.com\/en\/#organization"},"potentialAction":[{"@type":"SearchAction","target":{"@type":"EntryPoint","urlTemplate":"https:\/\/ivansiller.com\/en\/?s={search_term_string}"},"query-input":"required name=search_term_string"}],"inLanguage":"en-US"},{"@type":"Organization","@id":"https:\/\/ivansiller.com\/en\/#organization","name":"Ivan \u0160iller","url":"https:\/\/ivansiller.com\/en\/","logo":{"@type":"ImageObject","inLanguage":"en-US","@id":"https:\/\/ivansiller.com\/en\/#\/schema\/logo\/image\/","url":"https:\/\/ivansiller.com\/wp-content\/uploads\/ivan1-1.png","contentUrl":"https:\/\/ivansiller.com\/wp-content\/uploads\/ivan1-1.png","width":600,"height":600,"caption":"Ivan \u0160iller"},"image":{"@id":"https:\/\/ivansiller.com\/en\/#\/schema\/logo\/image\/"},"sameAs":["https:\/\/www.facebook.com\/ivan.siller.1","https:\/\/x.com\/siller_pianist"]}]}},"builder_content":"","_links":{"self":[{"href":"https:\/\/ivansiller.com\/en\/wp-json\/wp\/v2\/pages\/4172","targetHints":{"allow":["GET"]}}],"collection":[{"href":"https:\/\/ivansiller.com\/en\/wp-json\/wp\/v2\/pages"}],"about":[{"href":"https:\/\/ivansiller.com\/en\/wp-json\/wp\/v2\/types\/page"}],"author":[{"embeddable":true,"href":"https:\/\/ivansiller.com\/en\/wp-json\/wp\/v2\/users\/1"}],"replies":[{"embeddable":true,"href":"https:\/\/ivansiller.com\/en\/wp-json\/wp\/v2\/comments?post=4172"}],"version-history":[{"count":5,"href":"https:\/\/ivansiller.com\/en\/wp-json\/wp\/v2\/pages\/4172\/revisions"}],"predecessor-version":[{"id":10276,"href":"https:\/\/ivansiller.com\/en\/wp-json\/wp\/v2\/pages\/4172\/revisions\/10276"}],"wp:attachment":[{"href":"https:\/\/ivansiller.com\/en\/wp-json\/wp\/v2\/media?parent=4172"}],"curies":[{"name":"wp","href":"https:\/\/api.w.org\/{rel}","templated":true}]}}